{"id":10614,"date":"2019-02-06T15:37:56","date_gmt":"2019-02-06T15:37:56","guid":{"rendered":"https:\/\/haussmann-prestige.com\/?page_id=10614"},"modified":"2020-08-08T14:54:05","modified_gmt":"2020-08-08T12:54:05","slug":"conditions-generales-de-vente","status":"publish","type":"page","link":"https:\/\/navette-aeroports-orleans-paris.com\/en\/conditions-generales-de-vente\/","title":{"rendered":"Terms of Sales"},"content":{"rendered":"<h1 style=\"text-align: left;\"><\/h1>\n<h1 style=\"text-align: left;\"><strong>General conditions of sale \u2013 Haussmann Prestige<\/strong><\/h1>\n<h2 style=\"text-align: left;\"><\/h2>\n<h2 style=\"text-align: left;\"><strong>Clause No. 1: Purpose<\/strong><\/h2>\n<p style=\"text-align: left;\">The general conditions of sale described below detail the rights and obligations<br \/>\nof the company Haussmann Prestige located at 5 rue de Reims 45000 Orl\u00e9ans and its<br \/>\ncustomer as part of the services offered on its site and this without<br \/>\nexception.<br \/>\nAny service performed by the company Haussmann Prestige therefore implies<br \/>\nthe buyer&#039;s unreserved acceptance of these general conditions of sale.<\/p>\n<h2 style=\"text-align: left;\"><strong>Clause No. 2: Price<\/strong><\/h2>\n<p style=\"text-align: left;\">The prices of the services offered are those in force on the day of booking.<br \/>\norder. They are denominated in euros and calculated excluding taxes. By way of<br \/>\nConsequently, they will be increased by the VAT rate and any additional costs.<br \/>\napplicable on the day of the order.<br \/>\nThe Haussmann Prestige company grants itself the right to modify its prices at any time.<br \/>\nmoment. However, it undertakes to invoice the services ordered at the prices<br \/>\nindicated when registering the order.<\/p>\n<h2 style=\"text-align: left;\"><strong>Clause No. 3: Discounts, rebates and rebates<\/strong><\/h2>\n<p style=\"text-align: left;\">The proposed prices include discounts and rebates that the Haussmann company<br \/>\nPrestige would be required to grant taking into account its results or the taking into account<br \/>\ncharge by the buyer for certain services. The Haussmann Prestige company<br \/>\ngrants itself the right to grant or not according to its own indicators any gesture<br \/>\ncommercial. A commercial gesture granted is in no way acquired for the customer<br \/>\non his next billings.<\/p>\n<h2 style=\"text-align: left;\"><strong>Clause No. 4: Discount<\/strong><\/h2>\n<p style=\"text-align: left;\">No discount will be granted in the event of early payment.<\/p>\n<h2 style=\"text-align: left;\"><strong>Clause No. 5: Payment terms<\/strong><\/h2>\n<p style=\"text-align: left;\">Payment for orders is made:<br \/>\n\u2022 Either by bank card;<br \/>\n\u2022 Either by PayPal.<br \/>\nWhen registering the order, the buyer must pay the total price.<\/p>\n<h2 style=\"text-align: left;\"><strong>Clause No. 6: Late payment<\/strong><\/h2>\n<p style=\"text-align: left;\">In the event of total or partial failure to pay services at most on the day of<br \/>\nupon receipt of these, the buyer must pay the company Haussmann Prestige a<br \/>\nlate payment penalty equal to three times the legal interest rate.<br \/>\nThe legal interest rate used is that in force on the day the service is provided.<br \/>\nservice.<\/p>\n<p style=\"text-align: left;\">From January 1, 2015, the legal interest rate will be revised every 6 months<br \/>\n(Order No. 2014-947 of August 20, 2014).<br \/>\nThis penalty is calculated on the amount including tax of the amount remaining due, and runs to<br \/>\nfrom the expiry date of the price without any prior notice<br \/>\nis not necessary.<br \/>\nIn addition to late payment compensation, any sum, including the deposit, not paid to its<br \/>\ndue date will automatically produce the payment of a lump sum compensation of 40<br \/>\neuros due for recovery costs.<br \/>\nArticles 441-6, I paragraph 12 and D. 441-5 of the Commercial Code.<\/p>\n<h2 style=\"text-align: left;\"><strong>Clause no. 7: Termination clause<\/strong><\/h2>\n<p style=\"text-align: left;\">If within fifteen days following the implementation of the clause &quot;Delay of<br \/>\npayment &quot;, the buyer has not paid the remaining sums due, the sale<br \/>\nwill be resolved automatically and may give rise to the right to compensation for damages and<br \/>\ninterests for the benefit of the Haussmann Prestige company.<\/p>\n<h2 style=\"text-align: left;\"><strong>Clause No. 8: Provision of service<\/strong><\/h2>\n<p style=\"text-align: left;\">The service provision is consumed on the day it becomes due according to the<br \/>\nconditions provided for on the day of the order.<br \/>\nThe dates and times of transport services are given as an approximation.<br \/>\nConsequently, any reasonable delay in the performance of the services will not<br \/>\nmay not give rise to the benefit of the buyer:<br \/>\n\u2022 The award of damages;<br \/>\n\u2022 Cancellation of the order.<\/p>\n<h2 style=\"text-align: left;\"><strong>Clause No. 9: Force majeure<\/strong><\/h2>\n<p style=\"text-align: left;\">The liability of the Haussmann Prestige company cannot be held<br \/>\nworks if the non-execution or delay in the execution of one of its obligations<br \/>\ndescribed in these general conditions of sale arises from a case of force<br \/>\nmajor. As such, force majeure means any external event,<br \/>\nunpredictable and irresistible within the meaning of article 1148 of the Civil Code.<\/p>\n<h2 style=\"text-align: left;\"><strong>Clause no. 10: Withdrawal period<\/strong><\/h2>\n<p style=\"text-align: left;\">The obligation is imposed by article L. 221-18 of the Consumer Code:<br \/>\nArticle L221-18<br \/>\nThe consumer has a period of fourteen days to exercise his right to<br \/>\nwithdrawal from a contract concluded remotely, following telephone canvassing<\/p>\n<p style=\"text-align: left;\">or outside the establishment, without having to justify their decision or to support other<br \/>\ncosts than those provided for in articles L. 221-23 to L. 221-25.<br \/>\nThe period mentioned in the first paragraph runs from the day:<br \/>\n\u2013 The conclusion of the contract, for service provision contracts and<br \/>\nthose mentioned in article L. 221-4;<\/p>\n<h2 style=\"text-align: left;\"><strong>Clause n\u00b011: Data protection<\/strong><\/h2>\n<p style=\"text-align: left;\">Personal data protection policy<br \/>\nWhen browsing our site, you may communicate to us<br \/>\npersonal data. We thank you for your trust and care about you<br \/>\ninform here about the use of your data as well as your rights. The manager<br \/>\nprocessing of personal data is the company Haussmann Prestige,<br \/>\nwhose contact details you will find in the legal notices.<br \/>\nPurposes of data collection and processing<br \/>\nThe personal data collected on our site is used to carry out the<br \/>\nprocessing orders and managing the commercial relationship (services, invoices,<br \/>\nafter sales service). We may also use your data for purposes<br \/>\nadvertising, either after having obtained your express consent, or in the<br \/>\nlimits permitted by law. We may also use your<br \/>\ndata to satisfy, where applicable, our legal obligations and\/or<br \/>\nregulatory.<br \/>\nRecipients of personal data<br \/>\nThe recipients of your personal data collected on our site are<br \/>\nfirst and foremost ourselves<br \/>\nfor processing your orders and managing customer relations. Others<br \/>\nrecipients of your personal data are, where applicable, our service providers<br \/>\nmeans of payment or payment security, our service providers<br \/>\ndelivery, our business partners. Where required by law, your<br \/>\nconsent is obtained or a possibility of refusal is provided to you before any<br \/>\ndata transmission.<br \/>\nYour rights<br \/>\nPlease note that the person whose personal data is processed<br \/>\nbenefits from the rights of access, rectification and opposition to the processing of its<br \/>\npersonal data. You can exercise these rights by contacting<br \/>\nto the data management department.<\/p>\n<h2 style=\"text-align: left;\"><strong>Clause No. 12: Competent court<\/strong><\/h2>\n<p style=\"text-align: left;\">Any dispute relating to the interpretation and execution of these general conditions<br \/>\nof sale is subject to French law.<br \/>\nFailing an amicable resolution, the dispute will be brought before the Commercial Court.<br \/>\nfrom Orl\u00e9ans.<\/p>\n<p style=\"text-align: left;\"><strong>Done in Orl\u00e9ans, 01\/31\/2019<\/strong><\/p>","protected":false},"excerpt":{"rendered":"<p>Conditions g\u00e9n\u00e9rales de ventes \u2013 Haussmann Prestige Clause n\u00b0 1 : Objet Les conditions g\u00e9n\u00e9rales de vente d\u00e9crites ci-apr\u00e8s d\u00e9taillent les droits et obligations de la soci\u00e9t\u00e9 Haussmann Prestige sise au 5 rue de Reims 45000 Orl\u00e9ans et de son client dans le cadre des prestations de services propos\u00e9es sur son site et ce sans [&#8230;]\n","protected":false},"author":6,"featured_media":0,"parent":0,"menu_order":0,"comment_status":"closed","ping_status":"closed","template":"","meta":{"footnotes":""},"class_list":["post-10614","page","type-page","status-publish","hentry"],"yoast_head":"<!-- This site is optimized with the Yoast SEO plugin v27.5 - https:\/\/yoast.com\/product\/yoast-seo-wordpress\/ -->\n<title>Conditions g\u00e9n\u00e9rales de vente - Haussmann Prestige<\/title>\n<meta name=\"robots\" content=\"noindex, nofollow\" \/>\n<meta property=\"og:locale\" content=\"en_US\" \/>\n<meta property=\"og:type\" content=\"article\" \/>\n<meta property=\"og:title\" content=\"Conditions g\u00e9n\u00e9rales de vente - Haussmann Prestige\" \/>\n<meta property=\"og:description\" content=\"Conditions g\u00e9n\u00e9rales de ventes \u2013 Haussmann Prestige Clause n\u00b0 1 : Objet Les conditions g\u00e9n\u00e9rales de vente d\u00e9crites ci-apr\u00e8s d\u00e9taillent les droits et obligations de la soci\u00e9t\u00e9 Haussmann Prestige sise au 5 rue de Reims 45000 Orl\u00e9ans et de son client dans le cadre des prestations de services propos\u00e9es sur son site et ce sans [...]\" \/>\n<meta property=\"og:url\" content=\"https:\/\/navette-aeroports-orleans-paris.com\/en\/conditions-generales-de-vente\/\" \/>\n<meta property=\"og:site_name\" content=\"Haussmann Prestige\" \/>\n<meta property=\"article:modified_time\" content=\"2020-08-08T12:54:05+00:00\" \/>\n<meta name=\"twitter:card\" content=\"summary_large_image\" \/>\n<meta name=\"twitter:label1\" content=\"Est. reading time\" \/>\n\t<meta name=\"twitter:data1\" content=\"6 minutes\" \/>\n<script type=\"application\/ld+json\" class=\"yoast-schema-graph\">{\"@context\":\"https:\\\/\\\/schema.org\",\"@graph\":[{\"@type\":\"WebPage\",\"@id\":\"https:\\\/\\\/navette-aeroports-orleans-paris.com\\\/conditions-generales-de-vente\\\/\",\"url\":\"https:\\\/\\\/navette-aeroports-orleans-paris.com\\\/conditions-generales-de-vente\\\/\",\"name\":\"Conditions g\u00e9n\u00e9rales de vente - Haussmann Prestige\",\"isPartOf\":{\"@id\":\"https:\\\/\\\/navette-aeroports-orleans-paris.com\\\/#website\"},\"datePublished\":\"2019-02-06T15:37:56+00:00\",\"dateModified\":\"2020-08-08T12:54:05+00:00\",\"breadcrumb\":{\"@id\":\"https:\\\/\\\/navette-aeroports-orleans-paris.com\\\/conditions-generales-de-vente\\\/#breadcrumb\"},\"inLanguage\":\"en-US\",\"potentialAction\":[{\"@type\":\"ReadAction\",\"target\":[\"https:\\\/\\\/navette-aeroports-orleans-paris.com\\\/conditions-generales-de-vente\\\/\"]}]},{\"@type\":\"BreadcrumbList\",\"@id\":\"https:\\\/\\\/navette-aeroports-orleans-paris.com\\\/conditions-generales-de-vente\\\/#breadcrumb\",\"itemListElement\":[{\"@type\":\"ListItem\",\"position\":1,\"name\":\"Accueil\",\"item\":\"https:\\\/\\\/navette-aeroports-orleans-paris.com\\\/\"},{\"@type\":\"ListItem\",\"position\":2,\"name\":\"Conditions g\u00e9n\u00e9rales de vente\"}]},{\"@type\":\"WebSite\",\"@id\":\"https:\\\/\\\/navette-aeroports-orleans-paris.com\\\/#website\",\"url\":\"https:\\\/\\\/navette-aeroports-orleans-paris.com\\\/\",\"name\":\"Haussmann Prestige\",\"description\":\"Votre chauffeur priv\u00e9\",\"publisher\":{\"@id\":\"https:\\\/\\\/navette-aeroports-orleans-paris.com\\\/#organization\"},\"potentialAction\":[{\"@type\":\"SearchAction\",\"target\":{\"@type\":\"EntryPoint\",\"urlTemplate\":\"https:\\\/\\\/navette-aeroports-orleans-paris.com\\\/?s={search_term_string}\"},\"query-input\":{\"@type\":\"PropertyValueSpecification\",\"valueRequired\":true,\"valueName\":\"search_term_string\"}}],\"inLanguage\":\"en-US\"},{\"@type\":\"Organization\",\"@id\":\"https:\\\/\\\/navette-aeroports-orleans-paris.com\\\/#organization\",\"name\":\"Haussmann Prestige\",\"url\":\"https:\\\/\\\/navette-aeroports-orleans-paris.com\\\/\",\"logo\":{\"@type\":\"ImageObject\",\"inLanguage\":\"en-US\",\"@id\":\"https:\\\/\\\/navette-aeroports-orleans-paris.com\\\/#\\\/schema\\\/logo\\\/image\\\/\",\"url\":\"https:\\\/\\\/navette-aeroports-orleans-paris.com\\\/wp-content\\\/uploads\\\/2018\\\/11\\\/logo-haussmann-prestige.png\",\"contentUrl\":\"https:\\\/\\\/navette-aeroports-orleans-paris.com\\\/wp-content\\\/uploads\\\/2018\\\/11\\\/logo-haussmann-prestige.png\",\"width\":555,\"height\":50,\"caption\":\"Haussmann Prestige\"},\"image\":{\"@id\":\"https:\\\/\\\/navette-aeroports-orleans-paris.com\\\/#\\\/schema\\\/logo\\\/image\\\/\"}}]}<\/script>\n<!-- \/ Yoast SEO plugin. -->","yoast_head_json":{"title":"Conditions g\u00e9n\u00e9rales de vente - Haussmann Prestige","robots":{"index":"noindex","follow":"nofollow"},"og_locale":"en_US","og_type":"article","og_title":"Conditions g\u00e9n\u00e9rales de vente - Haussmann Prestige","og_description":"Conditions g\u00e9n\u00e9rales de ventes \u2013 Haussmann Prestige Clause n\u00b0 1 : Objet Les conditions g\u00e9n\u00e9rales de vente d\u00e9crites ci-apr\u00e8s d\u00e9taillent les droits et obligations de la soci\u00e9t\u00e9 Haussmann Prestige sise au 5 rue de Reims 45000 Orl\u00e9ans et de son client dans le cadre des prestations de services propos\u00e9es sur son site et ce sans [...]","og_url":"https:\/\/navette-aeroports-orleans-paris.com\/en\/conditions-generales-de-vente\/","og_site_name":"Haussmann Prestige","article_modified_time":"2020-08-08T12:54:05+00:00","twitter_card":"summary_large_image","twitter_misc":{"Est. reading time":"6 minutes"},"schema":{"@context":"https:\/\/schema.org","@graph":[{"@type":"WebPage","@id":"https:\/\/navette-aeroports-orleans-paris.com\/conditions-generales-de-vente\/","url":"https:\/\/navette-aeroports-orleans-paris.com\/conditions-generales-de-vente\/","name":"Conditions g\u00e9n\u00e9rales de vente - Haussmann Prestige","isPartOf":{"@id":"https:\/\/navette-aeroports-orleans-paris.com\/#website"},"datePublished":"2019-02-06T15:37:56+00:00","dateModified":"2020-08-08T12:54:05+00:00","breadcrumb":{"@id":"https:\/\/navette-aeroports-orleans-paris.com\/conditions-generales-de-vente\/#breadcrumb"},"inLanguage":"en-US","potentialAction":[{"@type":"ReadAction","target":["https:\/\/navette-aeroports-orleans-paris.com\/conditions-generales-de-vente\/"]}]},{"@type":"BreadcrumbList","@id":"https:\/\/navette-aeroports-orleans-paris.com\/conditions-generales-de-vente\/#breadcrumb","itemListElement":[{"@type":"ListItem","position":1,"name":"Accueil","item":"https:\/\/navette-aeroports-orleans-paris.com\/"},{"@type":"ListItem","position":2,"name":"Conditions g\u00e9n\u00e9rales de vente"}]},{"@type":"WebSite","@id":"https:\/\/navette-aeroports-orleans-paris.com\/#website","url":"https:\/\/navette-aeroports-orleans-paris.com\/","name":"Haussmann Prestige","description":"Your private driver","publisher":{"@id":"https:\/\/navette-aeroports-orleans-paris.com\/#organization"},"potentialAction":[{"@type":"SearchAction","target":{"@type":"EntryPoint","urlTemplate":"https:\/\/navette-aeroports-orleans-paris.com\/?s={search_term_string}"},"query-input":{"@type":"PropertyValueSpecification","valueRequired":true,"valueName":"search_term_string"}}],"inLanguage":"en-US"},{"@type":"Organization","@id":"https:\/\/navette-aeroports-orleans-paris.com\/#organization","name":"Haussmann Prestige","url":"https:\/\/navette-aeroports-orleans-paris.com\/","logo":{"@type":"ImageObject","inLanguage":"en-US","@id":"https:\/\/navette-aeroports-orleans-paris.com\/#\/schema\/logo\/image\/","url":"https:\/\/navette-aeroports-orleans-paris.com\/wp-content\/uploads\/2018\/11\/logo-haussmann-prestige.png","contentUrl":"https:\/\/navette-aeroports-orleans-paris.com\/wp-content\/uploads\/2018\/11\/logo-haussmann-prestige.png","width":555,"height":50,"caption":"Haussmann Prestige"},"image":{"@id":"https:\/\/navette-aeroports-orleans-paris.com\/#\/schema\/logo\/image\/"}}]}},"_links":{"self":[{"href":"https:\/\/navette-aeroports-orleans-paris.com\/en\/wp-json\/wp\/v2\/pages\/10614","targetHints":{"allow":["GET"]}}],"collection":[{"href":"https:\/\/navette-aeroports-orleans-paris.com\/en\/wp-json\/wp\/v2\/pages"}],"about":[{"href":"https:\/\/navette-aeroports-orleans-paris.com\/en\/wp-json\/wp\/v2\/types\/page"}],"author":[{"embeddable":true,"href":"https:\/\/navette-aeroports-orleans-paris.com\/en\/wp-json\/wp\/v2\/users\/6"}],"replies":[{"embeddable":true,"href":"https:\/\/navette-aeroports-orleans-paris.com\/en\/wp-json\/wp\/v2\/comments?post=10614"}],"version-history":[{"count":8,"href":"https:\/\/navette-aeroports-orleans-paris.com\/en\/wp-json\/wp\/v2\/pages\/10614\/revisions"}],"predecessor-version":[{"id":10626,"href":"https:\/\/navette-aeroports-orleans-paris.com\/en\/wp-json\/wp\/v2\/pages\/10614\/revisions\/10626"}],"wp:attachment":[{"href":"https:\/\/navette-aeroports-orleans-paris.com\/en\/wp-json\/wp\/v2\/media?parent=10614"}],"curies":[{"name":"wp","href":"https:\/\/api.w.org\/{rel}","templated":true}]}}