{"id":10531,"date":"2019-01-08T16:22:02","date_gmt":"2019-01-08T16:22:02","guid":{"rendered":"https:\/\/haussmann-prestige.com\/?page_id=10531"},"modified":"2020-08-08T14:54:17","modified_gmt":"2020-08-08T12:54:17","slug":"politique-de-confidentialites","status":"publish","type":"page","link":"https:\/\/navette-aeroports-orleans-paris.com\/en\/politique-de-confidentialites\/","title":{"rendered":"Privacy policy"},"content":{"rendered":"<h1 class=\"countheads\"><strong>Privacy Policy<\/strong><\/h1>\n<p><b>Security and protection of personal data<\/b><\/p>\n<h3 class=\"nocount\"><strong><u>Warnings<\/u><\/strong><\/h3>\n<p>This tool is made available to you free of charge. The tool is based on information based on the firm&#039;s professional analysis of GDPR compliance. However, compliance being a dynamic process and each situation being particular, the information transmitted must be adapted and can in no case be considered exhaustive or exact.<\/p>\n<p>Unless you request a review and validation by the Firm, the generated document is considered simple information. Consequently, you are solely responsible for the interpretations made of the information provided, the advice you derive from it and the adaptations made for your own commercial activity. The use and operation of the tool is therefore under your sole responsibility and at your own risk.<\/p>\n<h3 class=\"nocount\"><strong><u>Definitions<\/u>\u00a0:<\/strong><\/h3>\n<p><b>The Editor<\/b>\u00a0: The person, natural or legal, who publishes online public communication services.<br \/>\n<b>The Site<\/b>\u00a0: All sites, Internet pages and online services offered by the Publisher.<br \/>\n<b>The user<\/b>\u00a0: The person using the Site and the services.<\/p>\n<h3><strong>Nature of data collected<\/strong><\/h3>\n<p><b>As part of the use of the Sites, the Publisher may collect the following categories of data concerning its Users:<\/b><\/p>\n<div id=\"C0Q1\">\n<p>Civil status, identity, identification data, etc.<\/p>\n<p>Data relating to personal life (lifestyles, family situation, excluding sensitive or dangerous data)<\/p>\n<p>Data relating to professional life (CV, education, professional training, distinctions, etc.)<\/p>\n<p>Economic and financial information (income, financial situation, tax situation, etc.)<\/p>\n<p>Connection data (IP addresses, event logs, etc.)<\/p>\n<p>Location data (travel, GPS, GSM data, etc.)<\/p>\n<\/div>\n<div id=\"C1Q1\">\n<h3><strong>Communication of personal data to third parties<\/strong><\/h3>\n<p><b>No communication to third parties\u00a0<\/b><br \/>\nYour data is not subject to any communication to third parties. You are, however, informed that they may be disclosed pursuant to a law, a regulation or by virtue of a decision of a competent regulatory or judicial authority.<\/p>\n<\/div>\n<div id=\"C1Q2\"><\/div>\n<div id=\"C2Q1\"><\/div>\n<div id=\"C3Q1\">\n<h3><strong>Prior information for the communication of personal data to third parties in the event of merger\/absorption<\/strong><\/h3>\n<p><b>Prior information and possibility of opt-out before and after the merger \/ acquisition\u00a0<\/b><br \/>\nIn the event that we take part in a merger, acquisition or any other form of transfer of assets, we undertake to guarantee the confidentiality of your personal data and to inform you before it is transferred. or subject to new confidentiality rules.<\/p>\n<\/div>\n<div id=\"C4Q1\">\n<h3><strong>Purpose of reusing collected personal data<\/strong><\/h3>\n<p><b>Carry out operations relating to customer management concerning\u00a0<\/b><\/p>\n<ul>\n<li>the contracts ; the orders ; the deliveries ; the bills ; accounting and in particular the management of customer accounts<\/li>\n<li>a loyalty program within an entity or several legal entities;<\/li>\n<li>monitoring customer relations such as carrying out satisfaction surveys, managing complaints and after-sales service<\/li>\n<li>the selection of customers to carry out studies, surveys and product tests (unless the consent of the persons concerned is obtained under the conditions provided for in Article 6, these operations must not lead to the establishment of profiles likely to reveal sensitive data \u2013 racial or ethnic origins, philosophical, political, trade union, religious opinions, sexual life or personal health)<\/li>\n<\/ul>\n<p><b>The development of commercial statistics<\/b><\/p>\n<p><b>The updating of its prospecting files by the organization responsible for managing the list of opposition to telephone canvassing, in application of the provisions of the Consumer Code<\/b><\/p>\n<p><b>The organization of competitions, lotteries or any promotional operation, excluding online gambling and games of chance subject to approval by the Online Gaming Regulatory Authority<\/b><\/p>\n<p><b>Management of requests for rights of access, rectification and opposition<\/b><\/p>\n<p><b>Management of unpaid debts and disputes, provided that it does not relate to offenses and\/or that it does not result in exclusion of the person from the benefit of a right, a service or a contract<\/b><\/p>\n<p><b>Managing people\u2019s opinions on products, services or content<\/b><\/p>\n<\/div>\n<h3><strong>Data aggregation<\/strong><\/h3>\n<p><b>Aggregation with non-personal data<\/b><br \/>\nWe may publish, disclose and use aggregated information (information relating to all of our Users or specific groups or categories of Users that we combine in such a way that an individual User can no longer be identified or mentioned) and information non-personal for industry and market analysis, demographic profiling, promotional and advertising purposes and other commercial purposes.<\/p>\n<p><b>Aggregation with personal data available on the User&#039;s social accounts<\/b><br \/>\nIf you connect your account to an account of another service in order to make cross-mailings, said service may communicate to us your profile information, connection information, as well as any other information which you have authorized to be disclosed. We may aggregate information relating to all our other Users, groups, accounts, personal data available about the User.<\/p>\n<div id=\"C6Q1\">\n<h3><strong>Collection of identity data<\/strong><\/h3>\n<p><b>Free consultation\u00a0<\/b><br \/>\nConsultation of the Site does not require registration or prior identification. It can be carried out without you communicating any personal data concerning yourself (last name, first name, address, etc.). We do not record any personal data for the simple consultation of the Site.<\/p>\n<\/div>\n<div id=\"C7Q1\">\n<h3><strong>Collection of identification data<\/strong><\/h3>\n<p><b>Use of the user identifier for connection proposals and commercial offers\u00a0<\/b><br \/>\nWe use your electronic identifiers to search for relationships present by connection, by email address or by services. We may use your contact information to help others find your account, including through third-party services and client applications. You can upload your address book so that we can help you find people you know on our network or to allow other Users on our network to find you. We may provide suggestions to you and other Network Users based on contacts imported from your address book. We may work in partnership with companies that offer incentive offers. To support this type of promotion and incentive, we may share your electronic identifier.<\/p>\n<\/div>\n<div id=\"C8Q1\">\n<h3><strong>Geolocation<\/strong><\/h3>\n<p><b>Geolocation for the purpose of providing the service\u00a0<\/b><br \/>\nWe collect and process your geolocation data in order to provide our services to you. We may use personal data to determine your geographic position in real time. In accordance with your right of opposition provided for by law n\u00b078-17 of January 6, 1978 relating to data processing, files and freedoms, you have the possibility, at any time, to deactivate the functions relating to geolocation.<\/p>\n<p><b>Geolocation for cross-reference purposes\u00a0<\/b><br \/>\nWe collect and process your geolocation data in order to allow our services to identify points of intersection in time and space with other Users of the service in order to present to you the profile of the Users crossed. In accordance with your right of opposition provided for by law n\u00b078-17 of January 6, 1978 relating to data processing, files and freedoms, you have the possibility, at any time, to deactivate the functions relating to geolocation. You then acknowledge that the service will no longer be able to present you with profiles of other Users.<\/p>\n<p><b>Geolocation with provision to partners for referencing and aggregation (with opt-in)\u00a0<\/b><br \/>\nWe may collect and process your geolocation data with our partners. We undertake to anonymize the data used. In accordance with your right of opposition provided for by law n\u00b078-17 of January 6, 1978 relating to data processing, files and freedoms, you have the possibility, at any time, to deactivate the functions relating to geolocation.<\/p>\n<\/div>\n<div id=\"C9Q1\">\n<h3><strong>Collection of terminal data<\/strong><\/h3>\n<p><b>Collection of profiling data and technical data for the purposes of providing the service\u00a0<\/b><br \/>\nSome of your device&#039;s technical data is collected automatically by the Site. This information includes in particular your IP address, Internet service provider, hardware configuration, software configuration, browser type and language, etc. The collection of this data is necessary for the provision of the services.<\/p>\n<p><b>Collection of technical data for advertising, commercial and statistical purposes\u00a0<\/b><br \/>\nThe technical data of your device is automatically collected and recorded by the Site, for advertising, commercial and statistical purposes. This information helps us personalize and continually improve your experience on our Site. We do not collect or store any personal data (surname, first name, address, etc.) possibly attached to technical data. The data collected may be resold to third parties.<\/p>\n<\/div>\n<h3><strong>Cookies<\/strong><\/h3>\n<p><b>Shelf life of cookies<\/b><br \/>\nIn accordance with the recommendations of the CNIL, the maximum retention period for cookies is a maximum of 13 months after their first deposit in the User&#039;s terminal, as is the duration of the validity of the User&#039;s consent to the use of these cookies. The lifespan of cookies is not extended with each visit. The User&#039;s consent must therefore be renewed at the end of this period.<\/p>\n<p><b>Purpose of cookies<\/b><br \/>\nCookies can be used for statistical purposes, in particular to optimize the services provided to the User, from the processing of information concerning the frequency of access, the personalization of pages as well as the operations carried out and the information consulted.<br \/>\nYou are informed that the Publisher may place cookies on your terminal. The cookie records information relating to navigation on the service (the pages you have consulted, the date and time of the consultation, etc.) which we can read during your subsequent visits.<\/p>\n<div id=\"C10Q1\">\n<p><b>Right of the User to refuse cookies, deactivation leading to degraded functioning of the service\u00a0<\/b><br \/>\nYou acknowledge having been informed that the Publisher may use cookies, and authorize it to do so. If you do not want cookies to be used on your device, most browsers allow you to disable cookies through the settings options. However, you are informed that certain services may no longer function correctly.<\/p>\n<p><b>Possible association of cookies with personal data to enable the operation of the service\u00a0<\/b><br \/>\nThe Publisher may collect browsing information through the use of cookies.<\/p>\n<\/div>\n<h3><strong>Retention of technical data<\/strong><\/h3>\n<p><b>Retention period of technical data\u00a0<\/b><br \/>\nTechnical data is kept for the duration strictly necessary to achieve the purposes referred to above.<\/p>\n<h3><strong>Period of retention of personal data and anonymization<\/strong><\/h3>\n<div id=\"C12Q1\">\n<p><b>Data retention for the duration of the contractual relationship\u00a0<\/b><br \/>\nIn accordance with article 6-5\u00b0 of law n\u00b078-17 of January 6, 1978 relating to data processing, files and freedoms, personal data subject to processing are not kept beyond the time necessary for the execution of the obligations defined at the conclusion of the contract or the predefined duration of the contractual relationship.<\/p>\n<p><b>Conservation of anonymized data beyond the contractual relationship \/ after deletion of the account\u00a0<\/b><br \/>\nWe keep personal data for the period strictly necessary to achieve the purposes described in these T&amp;Cs. Beyond this period, they will be anonymized and kept for exclusively statistical purposes and will not give rise to any exploitation of any kind whatsoever.<\/p>\n<\/div>\n<p><b>Deleting data after account deletion\u00a0<\/b><br \/>\nMeans for purging data are put in place in order to provide for their effective deletion as soon as the retention or archiving period necessary to achieve the determined or imposed purposes is reached. In accordance with law n\u00b078-17 of January 6, 1978 relating to data processing, files and freedoms, you also have the right to delete your data which you can exercise at any time by contacting the &#039;Editor.<\/p>\n<p><b>Deletion of data after 3 years of inactivity\u00a0<\/b><br \/>\nFor security reasons, if you have not authenticated on the Site for a period of three years, you will receive an e-mail inviting you to connect as soon as possible, otherwise your data will be deleted from our databases. data.<\/p>\n<h3><strong>Account deletion<\/strong><\/h3>\n<p><b>Account deletion on demand\u00a0<\/b><br \/>\nThe User has the possibility of deleting his Account at any time, by simple request to the Editor OR by the Account deletion menu present in the Account settings if applicable.<\/p>\n<p><b>Deletion of the account in the event of violation of the T&amp;Cs\u00a0<\/b><br \/>\nIn the event of violation of one or more provisions of the T&amp;Cs or any other document incorporated herein by reference, the Publisher reserves the right to terminate or restrict without any prior warning and at its sole discretion, your use and access to the services, your account and all Sites.<\/p>\n<h3><strong>Indications in the event of a security breach detected by the Publisher<\/strong><\/h3>\n<p><b>Information to the User in the event of a security breach\u00a0<\/b><br \/>\nWe undertake to implement all appropriate technical and organizational measures in order to guarantee a level of security adapted to the risks of accidental, unauthorized or illegal access, disclosure, alteration, loss or even destruction of the personal data about you. In the event that we become aware of illegal access to personal data concerning you stored on our servers or those of our service providers, or of unauthorized access resulting in the realization of the risks identified above, we undertake has :<\/p>\n<ul>\n<li>Notify you of the incident as soon as possible;<\/li>\n<li>Examine the causes of the incident and inform you;<\/li>\n<li>Take the necessary measures within reason in order to reduce the negative effects and harm that may result from the said incident<\/li>\n<\/ul>\n<p><b>Limitation of liability\u00a0<\/b><br \/>\nUnder no circumstances can the commitments defined in the point above relating to notification in the event of a security breach be assimilated to any recognition of fault or responsibility for the occurrence of the incident in question.<\/p>\n<div id=\"C15Q1\">\n<h3><strong>Transfer of personal data abroad<\/strong><\/h3>\n<p><b>Transfer of data to countries with an equivalent level of protection\u00a0<\/b><br \/>\nThe Publisher undertakes to comply with the applicable regulations relating to data transfers to foreign countries and in particular according to the following terms:<\/p>\n<ul>\n<li>The Publisher transfers the personal data of its Users to countries recognized as offering an equivalent level of protection.<\/li>\n<li>The Publisher transfers the personal data of its Users outside countries recognized by the CNIL as having a sufficient level of protection: The Publisher has obtained authorization from the CNIL to carry out this transfer.<\/li>\n<\/ul>\n<p>To find out the list of these countries:\u00a0<a href=\"https:\/\/www.cnil.fr\/fr\/la-protection-des-donnees-dans-le-monde\" target=\"_blank\" rel=\"noopener noreferrer\">CNIL \u2013 Data protection around the world<\/a><\/p>\n<\/div>\n<h3><strong>Modification of the T&amp;Cs and the confidentiality policy<\/strong><\/h3>\n<p><b>In the event of modification of these T&amp;Cs, commitment not to lower the level of confidentiality substantially without prior information of the persons concerned.\u00a0<\/b><br \/>\nWe undertake to inform you in the event of a substantial modification of these T&amp;Cs, and not to lower the level of confidentiality of your data substantially without informing you and obtaining your consent.<\/p>\n<div id=\"C17Q1\">\n<h3><strong>Applicable law and terms of recourse<\/strong><\/h3>\n<p><b>Arbitration clause\u00a0<\/b><br \/>\nYou expressly accept that any dispute likely to arise as a result of these T&amp;Cs, in particular its interpretation or execution, will be subject to an arbitration procedure subject to the rules of the arbitration platform chosen by mutual agreement, to which you will adhere without reservation.<\/p>\n<\/div>\n<div id=\"C18Q1\">\n<h3><strong>Data portability<\/strong><\/h3>\n<p><b>Data portability\u00a0<\/b><br \/>\nThe Publisher undertakes to offer you the possibility of having all the data concerning you returned to you upon simple request. The User is thus guaranteed better control of his data, and retains the possibility of reusing them. This data must be provided in an open and easily reusable format.<\/p>\n<\/div>","protected":false},"excerpt":{"rendered":"<p>Politique de confidentialit\u00e9 S\u00e9curit\u00e9 et protection des donn\u00e9es personnelles Avertissements Le pr\u00e9sent outil est mis \u00e0 votre disposition gratuitement. L&rsquo;outil se base sur des informations fond\u00e9es sur l\u2019analyse professionnelle du cabinet en mati\u00e8re de conformit\u00e9 RGPD. Toutefois, la conformit\u00e9 \u00e9tant un processus dynamique et toute situation \u00e9tant particuli\u00e8re, les informations transmises doivent \u00eatre adapt\u00e9es et [&#8230;]\n","protected":false},"author":6,"featured_media":0,"parent":0,"menu_order":0,"comment_status":"closed","ping_status":"closed","template":"","meta":{"footnotes":""},"class_list":["post-10531","page","type-page","status-publish","hentry"],"yoast_head":"<!-- This site is optimized with the Yoast SEO plugin v27.5 - https:\/\/yoast.com\/product\/yoast-seo-wordpress\/ -->\n<title>Politique de confidentialit\u00e9s - Haussmann Prestige<\/title>\n<meta name=\"robots\" content=\"noindex, nofollow\" \/>\n<meta property=\"og:locale\" content=\"en_US\" \/>\n<meta property=\"og:type\" content=\"article\" \/>\n<meta property=\"og:title\" content=\"Politique de confidentialit\u00e9s - Haussmann Prestige\" \/>\n<meta property=\"og:description\" content=\"Politique de confidentialit\u00e9 S\u00e9curit\u00e9 et protection des donn\u00e9es personnelles Avertissements Le pr\u00e9sent outil est mis \u00e0 votre disposition gratuitement. L&rsquo;outil se base sur des informations fond\u00e9es sur l\u2019analyse professionnelle du cabinet en mati\u00e8re de conformit\u00e9 RGPD. Toutefois, la conformit\u00e9 \u00e9tant un processus dynamique et toute situation \u00e9tant particuli\u00e8re, les informations transmises doivent \u00eatre adapt\u00e9es et [...]\" \/>\n<meta property=\"og:url\" content=\"https:\/\/navette-aeroports-orleans-paris.com\/en\/politique-de-confidentialites\/\" \/>\n<meta property=\"og:site_name\" content=\"Haussmann Prestige\" \/>\n<meta property=\"article:modified_time\" content=\"2020-08-08T12:54:17+00:00\" \/>\n<meta name=\"twitter:card\" content=\"summary_large_image\" \/>\n<meta name=\"twitter:label1\" content=\"Est. reading time\" \/>\n\t<meta name=\"twitter:data1\" content=\"14 minutes\" \/>\n<script type=\"application\/ld+json\" class=\"yoast-schema-graph\">{\"@context\":\"https:\\\/\\\/schema.org\",\"@graph\":[{\"@type\":\"WebPage\",\"@id\":\"https:\\\/\\\/navette-aeroports-orleans-paris.com\\\/politique-de-confidentialites\\\/\",\"url\":\"https:\\\/\\\/navette-aeroports-orleans-paris.com\\\/politique-de-confidentialites\\\/\",\"name\":\"Politique de confidentialit\u00e9s - Haussmann Prestige\",\"isPartOf\":{\"@id\":\"https:\\\/\\\/navette-aeroports-orleans-paris.com\\\/#website\"},\"datePublished\":\"2019-01-08T16:22:02+00:00\",\"dateModified\":\"2020-08-08T12:54:17+00:00\",\"breadcrumb\":{\"@id\":\"https:\\\/\\\/navette-aeroports-orleans-paris.com\\\/politique-de-confidentialites\\\/#breadcrumb\"},\"inLanguage\":\"en-US\",\"potentialAction\":[{\"@type\":\"ReadAction\",\"target\":[\"https:\\\/\\\/navette-aeroports-orleans-paris.com\\\/politique-de-confidentialites\\\/\"]}]},{\"@type\":\"BreadcrumbList\",\"@id\":\"https:\\\/\\\/navette-aeroports-orleans-paris.com\\\/politique-de-confidentialites\\\/#breadcrumb\",\"itemListElement\":[{\"@type\":\"ListItem\",\"position\":1,\"name\":\"Accueil\",\"item\":\"https:\\\/\\\/navette-aeroports-orleans-paris.com\\\/\"},{\"@type\":\"ListItem\",\"position\":2,\"name\":\"Politique de confidentialit\u00e9s\"}]},{\"@type\":\"WebSite\",\"@id\":\"https:\\\/\\\/navette-aeroports-orleans-paris.com\\\/#website\",\"url\":\"https:\\\/\\\/navette-aeroports-orleans-paris.com\\\/\",\"name\":\"Haussmann Prestige\",\"description\":\"Votre chauffeur priv\u00e9\",\"publisher\":{\"@id\":\"https:\\\/\\\/navette-aeroports-orleans-paris.com\\\/#organization\"},\"potentialAction\":[{\"@type\":\"SearchAction\",\"target\":{\"@type\":\"EntryPoint\",\"urlTemplate\":\"https:\\\/\\\/navette-aeroports-orleans-paris.com\\\/?s={search_term_string}\"},\"query-input\":{\"@type\":\"PropertyValueSpecification\",\"valueRequired\":true,\"valueName\":\"search_term_string\"}}],\"inLanguage\":\"en-US\"},{\"@type\":\"Organization\",\"@id\":\"https:\\\/\\\/navette-aeroports-orleans-paris.com\\\/#organization\",\"name\":\"Haussmann Prestige\",\"url\":\"https:\\\/\\\/navette-aeroports-orleans-paris.com\\\/\",\"logo\":{\"@type\":\"ImageObject\",\"inLanguage\":\"en-US\",\"@id\":\"https:\\\/\\\/navette-aeroports-orleans-paris.com\\\/#\\\/schema\\\/logo\\\/image\\\/\",\"url\":\"https:\\\/\\\/navette-aeroports-orleans-paris.com\\\/wp-content\\\/uploads\\\/2018\\\/11\\\/logo-haussmann-prestige.png\",\"contentUrl\":\"https:\\\/\\\/navette-aeroports-orleans-paris.com\\\/wp-content\\\/uploads\\\/2018\\\/11\\\/logo-haussmann-prestige.png\",\"width\":555,\"height\":50,\"caption\":\"Haussmann Prestige\"},\"image\":{\"@id\":\"https:\\\/\\\/navette-aeroports-orleans-paris.com\\\/#\\\/schema\\\/logo\\\/image\\\/\"}}]}<\/script>\n<!-- \/ Yoast SEO plugin. -->","yoast_head_json":{"title":"Privacy Policy - Haussmann Prestige","robots":{"index":"noindex","follow":"nofollow"},"og_locale":"en_US","og_type":"article","og_title":"Politique de confidentialit\u00e9s - Haussmann Prestige","og_description":"Politique de confidentialit\u00e9 S\u00e9curit\u00e9 et protection des donn\u00e9es personnelles Avertissements Le pr\u00e9sent outil est mis \u00e0 votre disposition gratuitement. L&rsquo;outil se base sur des informations fond\u00e9es sur l\u2019analyse professionnelle du cabinet en mati\u00e8re de conformit\u00e9 RGPD. Toutefois, la conformit\u00e9 \u00e9tant un processus dynamique et toute situation \u00e9tant particuli\u00e8re, les informations transmises doivent \u00eatre adapt\u00e9es et [...]","og_url":"https:\/\/navette-aeroports-orleans-paris.com\/en\/politique-de-confidentialites\/","og_site_name":"Haussmann Prestige","article_modified_time":"2020-08-08T12:54:17+00:00","twitter_card":"summary_large_image","twitter_misc":{"Est. reading time":"14 minutes"},"schema":{"@context":"https:\/\/schema.org","@graph":[{"@type":"WebPage","@id":"https:\/\/navette-aeroports-orleans-paris.com\/politique-de-confidentialites\/","url":"https:\/\/navette-aeroports-orleans-paris.com\/politique-de-confidentialites\/","name":"Privacy Policy - Haussmann Prestige","isPartOf":{"@id":"https:\/\/navette-aeroports-orleans-paris.com\/#website"},"datePublished":"2019-01-08T16:22:02+00:00","dateModified":"2020-08-08T12:54:17+00:00","breadcrumb":{"@id":"https:\/\/navette-aeroports-orleans-paris.com\/politique-de-confidentialites\/#breadcrumb"},"inLanguage":"en-US","potentialAction":[{"@type":"ReadAction","target":["https:\/\/navette-aeroports-orleans-paris.com\/politique-de-confidentialites\/"]}]},{"@type":"BreadcrumbList","@id":"https:\/\/navette-aeroports-orleans-paris.com\/politique-de-confidentialites\/#breadcrumb","itemListElement":[{"@type":"ListItem","position":1,"name":"Accueil","item":"https:\/\/navette-aeroports-orleans-paris.com\/"},{"@type":"ListItem","position":2,"name":"Politique de confidentialit\u00e9s"}]},{"@type":"WebSite","@id":"https:\/\/navette-aeroports-orleans-paris.com\/#website","url":"https:\/\/navette-aeroports-orleans-paris.com\/","name":"Haussmann Prestige","description":"Your private driver","publisher":{"@id":"https:\/\/navette-aeroports-orleans-paris.com\/#organization"},"potentialAction":[{"@type":"SearchAction","target":{"@type":"EntryPoint","urlTemplate":"https:\/\/navette-aeroports-orleans-paris.com\/?s={search_term_string}"},"query-input":{"@type":"PropertyValueSpecification","valueRequired":true,"valueName":"search_term_string"}}],"inLanguage":"en-US"},{"@type":"Organization","@id":"https:\/\/navette-aeroports-orleans-paris.com\/#organization","name":"Haussmann Prestige","url":"https:\/\/navette-aeroports-orleans-paris.com\/","logo":{"@type":"ImageObject","inLanguage":"en-US","@id":"https:\/\/navette-aeroports-orleans-paris.com\/#\/schema\/logo\/image\/","url":"https:\/\/navette-aeroports-orleans-paris.com\/wp-content\/uploads\/2018\/11\/logo-haussmann-prestige.png","contentUrl":"https:\/\/navette-aeroports-orleans-paris.com\/wp-content\/uploads\/2018\/11\/logo-haussmann-prestige.png","width":555,"height":50,"caption":"Haussmann Prestige"},"image":{"@id":"https:\/\/navette-aeroports-orleans-paris.com\/#\/schema\/logo\/image\/"}}]}},"_links":{"self":[{"href":"https:\/\/navette-aeroports-orleans-paris.com\/en\/wp-json\/wp\/v2\/pages\/10531","targetHints":{"allow":["GET"]}}],"collection":[{"href":"https:\/\/navette-aeroports-orleans-paris.com\/en\/wp-json\/wp\/v2\/pages"}],"about":[{"href":"https:\/\/navette-aeroports-orleans-paris.com\/en\/wp-json\/wp\/v2\/types\/page"}],"author":[{"embeddable":true,"href":"https:\/\/navette-aeroports-orleans-paris.com\/en\/wp-json\/wp\/v2\/users\/6"}],"replies":[{"embeddable":true,"href":"https:\/\/navette-aeroports-orleans-paris.com\/en\/wp-json\/wp\/v2\/comments?post=10531"}],"version-history":[{"count":7,"href":"https:\/\/navette-aeroports-orleans-paris.com\/en\/wp-json\/wp\/v2\/pages\/10531\/revisions"}],"predecessor-version":[{"id":11137,"href":"https:\/\/navette-aeroports-orleans-paris.com\/en\/wp-json\/wp\/v2\/pages\/10531\/revisions\/11137"}],"wp:attachment":[{"href":"https:\/\/navette-aeroports-orleans-paris.com\/en\/wp-json\/wp\/v2\/media?parent=10531"}],"curies":[{"name":"wp","href":"https:\/\/api.w.org\/{rel}","templated":true}]}}